{"id":1764,"date":"2025-04-08T01:17:18","date_gmt":"2025-04-08T01:17:18","guid":{"rendered":"https:\/\/gaia-immobilier.ch\/about-us\/"},"modified":"2025-07-09T09:22:45","modified_gmt":"2025-07-09T09:22:45","slug":"about-us","status":"publish","type":"page","link":"https:\/\/gaia-immobilier.ch\/de\/about-us\/","title":{"rendered":"ABOUT"},"content":{"rendered":"\n    <section class=\"hero\">\n                    <video class=\"hero__video\" autoplay muted loop playsinline>\n                <source src=\"https:\/\/gaia-immobilier.ch\/wp-content\/uploads\/2025\/06\/NAJNOVIJI-video.mp4\" type=\"video\/mp4\">\n                Your browser does not support the video tag.\n            <\/video>\n            <div class=\"hero__logo-placeholder\">\n                <svg xmlns=\"http:\/\/www.w3.org\/2000\/svg\" width=\"236\" height=\"362\" viewBox=\"0 0 236 362\" fill=\"none\">\n                    <path d=\"M134.802 61.8136V227.901L166.101 303.059V61.8136H134.802Z\" fill=\"white\"\n                        fill-opacity=\"0.6\" \/>\n                    <path d=\"M235.272 61.8136H203.973V361.503H235.272V61.8136Z\" fill=\"white\" fill-opacity=\"0.6\" \/>\n                    <path d=\"M96.9401 61.8136H65.6411L96.9401 136.972V61.8136Z\" fill=\"white\" fill-opacity=\"0.6\" \/>\n                    <path d=\"M0.726074 31.1168L12.8538 0.7229H235.274V31.1168H0.726074Z\" fill=\"white\"\n                        fill-opacity=\"0.6\" \/>\n                <\/svg>\n            <\/div>\n            <\/section>\n        \n\n\r\n    <section class=\"title-text   align-top-text \">\r\n        <div class=\"container\">\r\n            <div class=\"row\">\r\n                                    <div class=\"title-text__title\">\r\n                        <h2>Klare Vision, verl\u00e4sslicher Service, nachhaltiges Ergebnis<\/h2>\n                    <\/div>\r\n                                                    <div class=\"title-text__text\">\r\n                        <p>Der Erwerb einer Immobilie &#8211; ob Familienhaus oder Anlageobjekt &#8211; ist oft ein grosser Schritt, der aber auch Fragen und Unsicherheiten mit sich bringt. Pers\u00f6nliche W\u00fcnsche, finanzielle Rahmenbedingungen und fehlende Erfahrung k\u00f6nnen den Weg manchmal kompliziert gestalten.<\/p>\n<p>Bei GAIA Immobilier stehen Sie im Mittelpunkt.Dank unseres breiten Partnernetzwerks und unserer tiefen Marktkennnis helfen wir Ihnen, genau die Immobilie zu finden, die zu Ihnen passt &#8211; und begleiten Sie entspannt durch alle Phasen des Kaufs.<\/p>\n<p>Ob es um rechtliche Fragen, Finanzierungsl\u00f6sungen oder technische Begutachtungen geht: Unser Team ist jederzeit f\u00fcr Sie da, ber\u00e4t Sie zuverl\u00e4ssig und sorgt daf\u00fcr, dass Ihr Immobilienobjekt zu einer positiven und sorgenfreien Erfahrung wird.<\/p>\n                    <\/div>\r\n                            <\/div>\r\n        <\/div>\r\n    <\/section>\r\n\r\n    \r\n\n\n\r\n    <section class=\"blue-cta \">\r\n        <div class=\"container\">\r\n                            <div class=\"row\">\r\n                    <h3 class=\"h3\">UNSERE MISSION <\/h3>\r\n                <\/div>\r\n                                        <div class=\"row\">\r\n                    <p><p><strong>Immobilien mit Freude erleben.<\/strong><\/p>\n<p>&nbsp;<\/p>\n<p>Bei GAIA Immobilier glauben wir, dass der Kauf oder Verkauf einer Immobilie keine Belastung sein muss, sondern eine positive und bereichernde Erfahrung sein sollte. Deshalb ist &#8222;<strong>Wohnen mit Freude<\/strong>&#8220; mehr als nur ein Slogan &#8211; es ist unser Versprechen und unser t\u00e4gliches Engagement.<\/p>\n<p data-start=\"590\" data-end=\"974\">Unsere Mission ist klar: Wir begleiten Sie mit Herzlichkeit, Transparenz und Fachkompetenz, damit jeder Schritt Ihres Projekts &#8211; von der ersten Besichtigung bis zur finalen Unterschrift &#8211; entspannt, vertrauensvoll und.. mit Freude verl\u00e4uft.\u00a0<br data-start=\"823\" data-end=\"826\" \/>Als engagierte, regionale Agentur, die Ihre Kunden kennt und liebt, setzen wir alles daran, Ihre W\u00fcnsche Wirklichkeit werden zu lassen.<\/p>\n<p data-start=\"976\" data-end=\"1069\">Mit Gaia Immobilier wird Ihr Immobilienprojekt zu einem angenehmen und individuellen Erlebnis.<\/p>\n<\/p>\r\n                <\/div>\r\n                    <\/div>\r\n    <\/section>\r\n\r\n    \r\n\n\n\r\n    <section class=\"our-values\" style=\"background-image: url('https:\/\/gaia-immobilier.ch\/wp-content\/uploads\/2025\/04\/801800545ab56dc4575a28a6698b7404-1-scaled.jpg')\">\r\n\r\n        <div class=\"container\">\r\n                <div class=\"row\">\r\n                    <div class=\"our-values__title-holder\">\r\n                        <h2 class=\"h2\">WOF\u00dcR WIR STEHEN<\/h2>\r\n                    <\/div>\r\n            <\/div>\r\n                                        <div class=\"row\">\r\n                    <div class=\"our-values__cards-holder\">\r\n                        <div class=\"our-values__cards swiper\">\r\n                            <div class=\"swiper-wrapper\">\r\n                                                                    <div class=\"our-values__card swiper-slide\">\r\n                                                                                    <span class=\"our-values__card-title h2\">Pers\u00f6nlicher Ansatz<\/span>\r\n                                                                                    <p class=\"our-values__card-text\">Bei GAIA Immobilier sehen wir jedes Projekt als pers\u00f6nliche Begegnung. Mit aufmerksamem Zuh\u00f6ren, transparenter Kommunikation und massgeschneiderter Begleitung bauen wir eine vertrauensvolle und nachhaltige Kundenbeziehung auf. <\/p>\r\n                                                                            <\/div>\r\n                                                                    <div class=\"our-values__card swiper-slide\">\r\n                                                                                    <span class=\"our-values__card-title h2\">Regionale Marktkenntnisse<\/span>\r\n                                                                                    <p class=\"our-values__card-text\">Mitten im Herzen von Morges verwurzelt, kenne wir den regionalen Immobilienmarkt wie unsere Westentasche. Unser grosses Netzwerk und unsere praktische Erfahrung erm\u00f6glichen es uns, Sie bei jedem Schritt kompetent zu begleiten. <\/p>\r\n                                                                            <\/div>\r\n                                                                    <div class=\"our-values__card swiper-slide\">\r\n                                                                                    <span class=\"our-values__card-title h2\">Moderne Agentur <\/span>\r\n                                                                                    <p class=\"our-values__card-text\">Wir verbinden Professionalit\u00e4t, Innovation und Pr\u00e4zision, um Ihnen effektive, aktuelle und auf Ihre Bed\u00fcrfnisse zugeschnittene L\u00f6sungen anzubieten. Eine Agentur, die zuh\u00f6rt, schnell reagiert und klar in die Zukunft blickt.<\/p>\r\n                                                                            <\/div>\r\n                                                            <\/div>\r\n                        <\/div>\r\n                    <\/div>\r\n                <\/div>\r\n                    <\/div>\r\n    <\/section>\r\n\r\n    \r\n\n\n\r\n    <section class=\"white-cards\">\r\n        <div class=\"container\">\r\n                            <div class=\"row\">\r\n                    <div class=\"white-cards__title-holder\">\r\n                        <h2 class=\"h3\">UNSERE ST\u00c4RKEN<\/h2>\r\n                    <\/div>\r\n                <\/div>\r\n                            <div class=\"row\">\r\n                    <div class=\"swiper\">\r\n                        <div class=\"swiper-wrapper\">\r\n                                                            <div class=\"swiper-slide\">\r\n                                    <div class=\"white-cards__card\">\r\n                                                                                    <h3>Starkes Netzwerk &#038; Expertise<\/h3>\r\n                                                                                    <p>Wir verf\u00fcgen \u00fcber ein qualifiziertes Immobiliennetzwerk aus K\u00e4ufern, Verk\u00e4ufern und professionellen Partnern sowie \u00fcber fundierte Kenntnisse des lokalen Immobilienmarktes. Diese Kombination erm\u00f6glicht es uns, Ihre Chabcen zu maximieren, schnell und zum besten Preis zu verkaufen, oder zu kaufen. <\/p>\r\n                                                                            <\/div>\r\n                                <\/div>\r\n                                                            <div class=\"swiper-slide\">\r\n                                    <div class=\"white-cards__card\">\r\n                                                                                    <h3>Pr\u00e4zise Immobilienbewertungen<\/h3>\r\n                                                                                    <p>Unsere Bewertungen basieren auf aktuellen Marktdaten, fundierter Praxiserfahrung und einer sorgf\u00e4ltigen Analyse der Besonderheiten  Ihrer Immobilie. Das Ergebnis: eine realistische und wettbewerbsf\u00e4hige Einsch\u00e4tzung &#8211; die beste Grundlage f\u00fcr einen erfolgreichen Verkauf. <\/p>\r\n                                                                            <\/div>\r\n                                <\/div>\r\n                                                            <div class=\"swiper-slide\">\r\n                                    <div class=\"white-cards__card\">\r\n                                                                                    <h3>Hochwertiges Immobilienmarketing <\/h3>\r\n                                                                                    <p>Wir pr\u00e4sentieren jede Immobilie mit einem massgeschneiderten Marketingkonzept: professionelle Fotos, optimierte Inserate, ansprechende Expos\u00e9s, detaillierte Grundrisse und eine breit gef\u00e4cherte Pr\u00e4senz auf verschiedenen Kan\u00e4len. Unser Ziel: Aufmerksamkeit schaffen &#8211; gleich beim ersten Eindruck. <\/p>\r\n                                                                            <\/div>\r\n                                <\/div>\r\n                                                            <div class=\"swiper-slide\">\r\n                                    <div class=\"white-cards__card\">\r\n                                                                                    <h3>Sichere Rundum-Begleitung <\/h3>\r\n                                                                                    <p>Wir k\u00fcmmern uns um alles &#8211; von der Organisation der Besichtigungen \u00fcber die Bonit\u00e4tspr\u00fcfung bis hin zur Vertragsabwicklung. Mit transparenter Kommunikation und regelm\u00e4ssigen Updates sorgen wird daf\u00fcr, dass Ihr Immobilienprojekt einfach, klar und sorgenfrei verl\u00e4uft. <\/p>\r\n                                                                            <\/div>\r\n                                <\/div>\r\n                                                            <div class=\"swiper-slide\">\r\n                                    <div class=\"white-cards__card\">\r\n                                                                                    <h3>Kontinuierliche Innovation <\/h3>\r\n                                                                                    <p>Wir nutzen geziehl moderne Technologien, um Ihre Immobilie optimal zu pr\u00e4sentieren und den Verkaufsprozess effizient zu gestalten. digitale Prozesse, interaktive Tools und transparenter Nachverfolgung. Unser Team bildet sich laufend weiter &#8211; f\u00fcr Beratung uns Service auf dem neusten Stand.  <\/p>\r\n                                                                            <\/div>\r\n                                <\/div>\r\n                                                            <div class=\"swiper-slide\">\r\n                                    <div class=\"white-cards__card\">\r\n                                                                                    <h3>Begleitung mit Weitblick<\/h3>\r\n                                                                                    <p>Bei GAIA Immobilier steht der Mensch im Mittelpunkt. Wir bauen langfristige Beziehungen auf, die auf echter N\u00e4he, individueller Beratung und Verl\u00e4sslichkeit beruhen. Denn kein Projekt gleicht dem anderen &#8211; und genau darauf nehmen wir R\u00fccksicht. <\/p>\r\n                                                                            <\/div>\r\n                                <\/div>\r\n                                                    <\/div>\r\n                        <div class=\"swiper-elements\">\r\n                            <div class=\"swiper-navigation\">\r\n                                <div class=\"swiper-button-prev\">\r\n                                    <svg xmlns=\"http:\/\/www.w3.org\/2000\/svg\" width=\"80\" height=\"32\" viewBox=\"0 0 80 32\" fill=\"none\">\r\n                                        <rect x=\"79.75\" y=\"31.75\" width=\"79.5\" height=\"31.5\" transform=\"rotate(-180 79.75 31.75)\" stroke=\"#1A213D\" stroke-width=\"0.5\"\/>\r\n                                        <path d=\"M23.6464 15.6464C23.4512 15.8417 23.4512 16.1583 23.6464 16.3535L26.8284 19.5355C27.0237 19.7308 27.3403 19.7308 27.5355 19.5355C27.7308 19.3403 27.7308 19.0237 27.5355 18.8284L24.7071 16L27.5355 13.1716C27.7308 12.9763 27.7308 12.6597 27.5355 12.4645C27.3403 12.2692 27.0237 12.2692 26.8284 12.4645L23.6464 15.6464ZM56 15.5L24 15.5L24 16.5L56 16.5L56 15.5Z\" fill=\"#000621\"\/>\r\n                                    <\/svg>\r\n                                <\/div>\r\n                                <div class=\"swiper-button-next\">\r\n                                    <svg xmlns=\"http:\/\/www.w3.org\/2000\/svg\" width=\"80\" height=\"32\" viewBox=\"0 0 80 32\" fill=\"none\">\r\n                                        <rect x=\"0.25\" y=\"0.25\" width=\"79.5\" height=\"31.5\" stroke=\"#1A213D\" stroke-width=\"0.5\"\/>\r\n                                        <path d=\"M56.3536 15.6465C56.5488 15.8417 56.5488 16.1583 56.3536 16.3536L53.1716 19.5355C52.9763 19.7308 52.6597 19.7308 52.4645 19.5355C52.2692 19.3403 52.2692 19.0237 52.4645 18.8284L55.2929 16L52.4645 13.1716C52.2692 12.9763 52.2692 12.6597 52.4645 12.4645C52.6597 12.2692 52.9763 12.2692 53.1716 12.4645L56.3536 15.6465ZM24 15.5L56 15.5L56 16.5L24 16.5L24 15.5Z\" fill=\"#000621\"\/>\r\n                                    <\/svg>\r\n                                <\/div>\r\n                            <\/div>\r\n                            <div class=\"swiper-pagination-numbers\">\r\n                                <span class=\"current\">1<\/span>\r\n                                <svg xmlns=\"http:\/\/www.w3.org\/2000\/svg\" width=\"51\" height=\"2\" viewBox=\"0 0 51 2\" fill=\"none\">\r\n                                    <path d=\"M1 1H50.2168\" stroke=\"#000621\" stroke-width=\"0.8\" stroke-linecap=\"round\" stroke-linejoin=\"round\"\/>\r\n                                <\/svg>\r\n                                <span class=\"total\">6<\/span>\r\n                            <\/div>\r\n                        <\/div>\r\n                    <\/div>\r\n                <\/div>\r\n                    <\/div>\r\n    <\/section>\r\n\r\n    \r\n\n\n\r\n    <section class=\"contact-cta\" id=\"prefooter-form\">\r\n        <div class=\"container\">\r\n            <div class=\"row\">\r\n                                    <div class=\"contact-cta__title\">\r\n                        <h2>Planen Sie ein Projekt? Wir sind bereit, mit Ihnen loszulegen. <\/h2>\r\n                    <\/div>\r\n                                                    <div class=\"contact-cta__form\">\r\n                        <div class=\"related-contact-form\">\n<div class=\"wpcf7 no-js\" id=\"wpcf7-f1961-o1\" lang=\"de-DE\" dir=\"ltr\" data-wpcf7-id=\"1961\">\n<div class=\"screen-reader-response\"><p role=\"status\" aria-live=\"polite\" aria-atomic=\"true\"><\/p> <ul><\/ul><\/div>\n<form action=\"\/de\/wp-json\/wp\/v2\/pages\/1764#wpcf7-f1961-o1\" method=\"post\" class=\"wpcf7-form init\" aria-label=\"Kontaktformular\" novalidate=\"novalidate\" data-status=\"init\">\n<fieldset class=\"hidden-fields-container\"><input type=\"hidden\" name=\"_wpcf7\" value=\"1961\" \/><input type=\"hidden\" name=\"_wpcf7_version\" value=\"6.1.5\" \/><input type=\"hidden\" name=\"_wpcf7_locale\" value=\"de_DE\" \/><input type=\"hidden\" name=\"_wpcf7_unit_tag\" value=\"wpcf7-f1961-o1\" \/><input type=\"hidden\" name=\"_wpcf7_container_post\" value=\"0\" \/><input type=\"hidden\" name=\"_wpcf7_posted_data_hash\" value=\"\" \/>\n<\/fieldset>\n<p><label><span class=\"wpcf7-form-control-wrap\" data-name=\"your-name\"><input size=\"40\" maxlength=\"400\" class=\"wpcf7-form-control wpcf7-text wpcf7-validates-as-required\" aria-required=\"true\" aria-invalid=\"false\" placeholder=\"Name*\" value=\"\" type=\"text\" name=\"your-name\" \/><\/span> <\/label>\n<\/p>\n<p><label><span class=\"wpcf7-form-control-wrap\" data-name=\"your-email\"><input size=\"40\" maxlength=\"400\" class=\"wpcf7-form-control wpcf7-email wpcf7-validates-as-required wpcf7-text wpcf7-validates-as-email\" aria-required=\"true\" aria-invalid=\"false\" placeholder=\"E-mail*\" value=\"\" type=\"email\" name=\"your-email\" \/><\/span> <\/label>\n<\/p>\n<p><label><span class=\"wpcf7-form-control-wrap\" data-name=\"tel-189\"><input size=\"40\" maxlength=\"400\" class=\"wpcf7-form-control wpcf7-tel wpcf7-validates-as-required wpcf7-text wpcf7-validates-as-tel\" aria-required=\"true\" aria-invalid=\"false\" placeholder=\"Telefon*\" value=\"\" type=\"tel\" name=\"tel-189\" \/><\/span><\/label>\n<\/p>\n<div class=\"checkbox-element\">\n\t<p><span>Projekt<\/span><br \/>\n<span class=\"wpcf7-form-control-wrap\" data-name=\"checkbox-152\"><span class=\"wpcf7-form-control wpcf7-checkbox\"><span class=\"wpcf7-list-item first\"><input type=\"checkbox\" name=\"checkbox-152[]\" value=\"Kaufen\" \/><span class=\"wpcf7-list-item-label\">Kaufen<\/span><\/span><span class=\"wpcf7-list-item\"><input type=\"checkbox\" name=\"checkbox-152[]\" value=\"Verkaufen\" \/><span class=\"wpcf7-list-item-label\">Verkaufen<\/span><\/span><span class=\"wpcf7-list-item last\"><input type=\"checkbox\" name=\"checkbox-152[]\" value=\"Immobilienentwicklung\" \/><span class=\"wpcf7-list-item-label\">Immobilienentwicklung<\/span><\/span><\/span><\/span>\n\t<\/p>\n<\/div>\n<div>\n\t<p><label> <span class=\"wpcf7-form-control-wrap\" data-name=\"your-message\"><textarea cols=\"40\" rows=\"10\" maxlength=\"2000\" class=\"wpcf7-form-control wpcf7-textarea\" aria-invalid=\"false\" placeholder=\"Ihre Nachricht\" name=\"your-message\"><\/textarea><\/span> <\/label><br \/>\n<span class=\"small-text\">Max. 1000 Zeichen<\/span>\n\t<\/p>\n<\/div>\n<p><input class=\"wpcf7-form-control wpcf7-submit has-spinner\" type=\"submit\" value=\"Senden\" \/><br \/>\n<span class=\"wpcf7-form-control-wrap\" data-name=\"checkbox-908\"><span class=\"wpcf7-form-control wpcf7-checkbox wpcf7-validates-as-required\"><span class=\"wpcf7-list-item first last\"><label><input type=\"checkbox\" name=\"checkbox-908[]\" value=\"Ich stimme den Datenschutzbestimmungen zu\" \/><span class=\"wpcf7-list-item-label\">Ich stimme den Datenschutzbestimmungen zu<\/span><\/label><\/span><\/span><\/span>\n<\/p><div class=\"wpcf7-response-output\" aria-hidden=\"true\"><\/div>\n<\/form>\n<\/div>\n<\/div>                    <\/div>\r\n                            <\/div>\r\n        <\/div>\r\n    <\/section>\r\n\r\n    \r\n","protected":false},"excerpt":{"rendered":"","protected":false},"author":1,"featured_media":0,"parent":0,"menu_order":0,"comment_status":"closed","ping_status":"closed","template":"","meta":{"_acf_changed":false,"inline_featured_image":false,"footnotes":"","_wp_rev_ctl_limit":""},"class_list":["post-1764","page","type-page","status-publish","hentry"],"acf":[],"_links":{"self":[{"href":"https:\/\/gaia-immobilier.ch\/de\/wp-json\/wp\/v2\/pages\/1764","targetHints":{"allow":["GET"]}}],"collection":[{"href":"https:\/\/gaia-immobilier.ch\/de\/wp-json\/wp\/v2\/pages"}],"about":[{"href":"https:\/\/gaia-immobilier.ch\/de\/wp-json\/wp\/v2\/types\/page"}],"author":[{"embeddable":true,"href":"https:\/\/gaia-immobilier.ch\/de\/wp-json\/wp\/v2\/users\/1"}],"replies":[{"embeddable":true,"href":"https:\/\/gaia-immobilier.ch\/de\/wp-json\/wp\/v2\/comments?post=1764"}],"version-history":[{"count":5,"href":"https:\/\/gaia-immobilier.ch\/de\/wp-json\/wp\/v2\/pages\/1764\/revisions"}],"predecessor-version":[{"id":2003,"href":"https:\/\/gaia-immobilier.ch\/de\/wp-json\/wp\/v2\/pages\/1764\/revisions\/2003"}],"wp:attachment":[{"href":"https:\/\/gaia-immobilier.ch\/de\/wp-json\/wp\/v2\/media?parent=1764"}],"curies":[{"name":"wp","href":"https:\/\/api.w.org\/{rel}","templated":true}]}}