{"id":1779,"date":"2025-04-29T14:01:05","date_gmt":"2025-04-29T14:01:05","guid":{"rendered":"https:\/\/gaia-immobilier.ch\/developpement\/"},"modified":"2025-07-08T09:19:31","modified_gmt":"2025-07-08T09:19:31","slug":"developpement","status":"publish","type":"page","link":"https:\/\/gaia-immobilier.ch\/de\/developpement\/","title":{"rendered":"Projekte &amp; Entwicklung"},"content":{"rendered":"\n    <section class=\"hero\">\n                    <img decoding=\"async\" class=\"hero__image\" src=\"https:\/\/gaia-immobilier.ch\/wp-content\/uploads\/2025\/04\/b7be56cf33f8c505c8017d26bc9aa7db5ba5ab6c-scaled.jpg\"\n                alt=\"b7be56cf33f8c505c8017d26bc9aa7db5ba5ab6c-2\">\n                    <div class=\"container hero__content\">\n                <div class=\"row\">\n                                            <div class=\"col-lg-12 hero__title\">\n                            <h1 class=\"h1\">Projekte &#038; Entwicklung<\/h1>\n                        <\/div>\n                                            <div class=\"col-lg-12 hero_text swiper\">\n                            <div class=\"swiper-wrapper \">\n                                                                    <div class=\"swiper-slide\">\n                                        <p>Jedes Projekt ist f\u00fcr uns eine Herzensangelegenheit.<\/p>\n                                    <\/div>\n                                                            <\/div>\n                        <\/div>\n                                    <\/div>\n            <\/div>\n            <\/section>\n        \n\n        <section class=\"text-with-columns\">\r\n            <div class=\"container\">\r\n                                    <div class=\"text-with-columns__text-holder\">\r\n                        <h2>Umfassende und individuelle Begleitung f\u00fcr Ihre Immobilienprojekte<\/h2>\n                    <\/div>\r\n                                    <div class=\"text-with-columns__columns-holder\">\r\n                                                    <div class=\"text-with-columns__single-column\">\r\n                                <p>Bei GAIA Immobilier profitieren Sie von einer pers\u00f6nlichen und flexiblen Struktur, die Innovation, Effizienz und Respekt miteinander vereint.<\/p>\n<p>Mit einem interdisziplin\u00e4ren Team aus erfahrenen Fachleuten \u00fcbernehmen wir die umfassende Betreuung Ihres Immobilienprojekts &#8211; von der Planung bis zur Umsetzung &#8211; und bieten Ihnen dabei einen reibungslosen transparenten und angenehmen Ablauf.<\/p>\n                            <\/div>\r\n                                                    <div class=\"text-with-columns__single-column\">\r\n                                <p>Durch unsere etablierten Partnerschaften mit einem zuverl\u00e4ssigen Netzwerk aus Maklern, Notaren, Finanzinstituten und Baufirmen k\u00f6nnen wir eine nahtlose Abstimmung aller Projektbeteiligten gew\u00e4hrleisten. Diese enge Zusammenarbeit ist ein entscheidender Faktor f\u00fcr den Erfolg Ihres Immobilienprojekts &#8211; von der Planung bis zur Fertigstellung.<\/p>\n                            <\/div>\r\n                                                    <div class=\"text-with-columns__single-column\">\r\n                                <p>Mit unserem Team profitieren Sie von einer pers\u00f6nichen und umfassenden Betreuung, um Ihre Immobilienziele mit Ruhe und Vertrauen zu verwirklichen &#8211; dank regionaler Expertise und eines verl\u00e4sslichen Netzwerks.<\/p>\n                            <\/div>\r\n                                            <\/div>\r\n                            <\/div>\r\n        <\/section>\r\n    \r\n\n\n\r\n    <section class=\"projects\">\r\n        <div class=\"container\">\r\n                            <div class=\"projects__title-holder\">\r\n                    <h2>Unsere Projekte<\/h2>\n                <\/div>\r\n                                        <div class=\"projects__projects-holder\">\r\n                                            <div class=\"projects__single-project\">\r\n                            <a href=\"https:\/\/gaia-immobilier.ch\/de\/nos-projets-en-images\/\">\r\n                                <div class=\"image-holder\">\r\n                                    <span class=\"box\"><\/span>\r\n                                    <img decoding=\"async\" src=\"https:\/\/gaia-immobilier.ch\/wp-content\/uploads\/2025\/05\/60d5bbbbc1919dee8d158a252b97222844386c97-scaled.jpg\" alt=\"Projects image\">\r\n                                <\/div>\r\n                                <h3>Unsere aktuellen Projekte<\/h3>\r\n\r\n                            <\/a>\r\n                        <\/div>\r\n                                            <div class=\"projects__single-project\">\r\n                            <a href=\"https:\/\/gaia-immobilier.ch\/de\/nos-realisations\/\">\r\n                                <div class=\"image-holder\">\r\n                                    <span class=\"box\"><\/span>\r\n                                    <img decoding=\"async\" src=\"https:\/\/gaia-immobilier.ch\/wp-content\/uploads\/2025\/05\/4e052969dc716742b55b49f1a1d84ae6ff091c75-scaled.jpg\" alt=\"Projects image\">\r\n                                <\/div>\r\n                                <h3>Unsere Referenzprojekte<\/h3>\r\n\r\n                            <\/a>\r\n                        <\/div>\r\n                                    <\/div>\r\n                    <\/div>\r\n    <\/section>\r\n\r\n    \r\n\n\n\r\n    <section class=\"management\">\r\n        <div class=\"container\">\r\n                            <div class=\"management__title-holder\">\r\n                    <h2>Jeder Schritt Ihres Projekts wird mit Pr\u00e4zision und Sorgfalt betreut.<\/h2>\n                <\/div>\r\n                                        <div class=\"management__steps\">\r\n                                            <div class=\"management__single-step\">\r\n                                                        <div class=\"management__single-step__image\">\r\n                                <span class=\"box\"><\/span>\r\n                                <img decoding=\"async\" src=\"https:\/\/gaia-immobilier.ch\/wp-content\/uploads\/2025\/04\/1e0dffc56a2c9d6477bb36691c10c2a76a7b00b3.jpg\"\r\n                                     alt=\"step image\">\r\n                            <\/div>\r\n                                                            <div class=\"management__single-step__text\">\r\n                                    <h3>1. Detaillierte Machbarkeitsanalyse<\/h3>\n<p>Bei GAIA Immobilier beginnen wir jedes Projekt mit einer sorgf\u00e4ltigen Pr\u00fcfung der Umsetzbarkeit, um sicherzustellen,dass alle relevanten Faktoren ber\u00fccksichtigt werden. Unsere Experten begleiten Sie w\u00e4hrend des gesamten Prozesses und bieten Ihnen pers\u00f6nliche Beratung sowie eine fundierte Analyse des Entwicklungspotenzials Ihres Grundst\u00fccks. Wir helfen Ihnen, die besten Chancen zu erkennen und die Rentabilit\u00e4t Ihres Immobilienprojekts optimal zu steigern.<\/p>\n                                <\/div>\r\n                                                    <\/div>\r\n                                            <div class=\"management__single-step\">\r\n                                                        <div class=\"management__single-step__image\">\r\n                                <span class=\"box\"><\/span>\r\n                                <img decoding=\"async\" src=\"https:\/\/gaia-immobilier.ch\/wp-content\/uploads\/2025\/04\/ef1edefeb026071ce7a4cc7592610aa5f6c1ce6f.jpg\"\r\n                                     alt=\"step image\">\r\n                            <\/div>\r\n                                                            <div class=\"management__single-step__text\">\r\n                                    <h3>2. Umfassendes Projektmanagement<\/h3>\n<p>Wir bieten Ihnen ein vollst\u00e4ndiges Projektmanagement &#8211; von der Planung bis zur Umsetzung. Unser Team sorgt f\u00fcr eine kontinuierliche Betreuung und eine reibungslose Koordination in jeder Phase der Entwicklung. Dankfortschrittlicher Marketing-Tools und bew\u00e4hrter Methoden optimieren wir die Abl\u00e4ufe, um die Effizienz und den Erfolg Ihres Projekts sicherzustellen.<\/p>\n                                <\/div>\r\n                                                    <\/div>\r\n                                            <div class=\"management__single-step\">\r\n                                                        <div class=\"management__single-step__image\">\r\n                                <span class=\"box\"><\/span>\r\n                                <img decoding=\"async\" src=\"https:\/\/gaia-immobilier.ch\/wp-content\/uploads\/2025\/05\/b533a6a9bb184063bc82c2f723e0313d21c7b99b-scaled.jpg\"\r\n                                     alt=\"step image\">\r\n                            <\/div>\r\n                                                            <div class=\"management__single-step__text\">\r\n                                    <h3>3. Gezielte und optimierte Vermarktung<\/h3>\n<p>Die Vermarktung Ihres Projekts ist entscheidend, um seine Sichtbarkeit zu maximieren. Wir entwickeln massgeschneiderte marketingstrategien, die genau auf Ihre individuellen Bed\u00fcrfnisse abgestimmt sind, um potenzielle K\u00e4ufer anzusprechen.<\/p>\n<p>Durch unsere enge Vernetzung im regionalen sozio\u00f6konomischen Umfeld pflegen wir starke Beziehungen zu renomierten Architekten, Ingenieuren, sowie etablierten Bau- und Dienstleistungsunternehmen. Diese Zusammenarbeit erm\u00f6glivht es uns, Ihnen einen optimalen Service zu bieten.<\/p>\n                                <\/div>\r\n                                                    <\/div>\r\n                                            <div class=\"management__single-step\">\r\n                                                        <div class=\"management__single-step__image\">\r\n                                <span class=\"box\"><\/span>\r\n                                <img decoding=\"async\" src=\"https:\/\/gaia-immobilier.ch\/wp-content\/uploads\/2025\/05\/d36304766bf6f4e7bc1d1dda5c106b993d54e4bc-scaled.jpg\"\r\n                                     alt=\"step image\">\r\n                            <\/div>\r\n                                                            <div class=\"management__single-step__text\">\r\n                                    <h3>4. Individuelle Marketingbetreuung<\/h3>\n<p>Um die Wirkung Ihres Projekts zu maximieren, bieten wir Ihnen eine pers\u00f6nliche Marketingbetreuung an. Wir setzen ein umfassendes Spektrum an Kommunikationsmitteln ein &#8211; sowie traditionelle als auch digitale -, um eine optimale Sichtbarkeit zu gew\u00e4hrleisten. Unsere Marketingstrategien sind darauf ausgerichtet, Ihre Zielgruppe effektiv zu erreichen und so die Erfolgschancen Ihres Immobilienprojekts zu erh\u00f6hen.<\/p>\n                                <\/div>\r\n                                                    <\/div>\r\n                                    <\/div>\r\n                    <\/div>\r\n    <\/section>\r\n\r\n    \r\n\n\n\r\n    <section class=\"skills\">\r\n        <div class=\"container\">\r\n                            <div class=\"skills__title-holder\">\r\n                   <h2>Unsere strategischen Kompetenzen<\/h2>\n                <\/div>\r\n                                        <div class=\"skills__skills\">\r\n                                        <div class=\"skills__skill\">\r\n                        <h3>Analyse des Immobilienpotenzials<\/h3>\n<p>Machbarkeitsstudien und Wertanalysen zur Identifizierung strategischer Chancen jeder Immobilie.<\/p>\n                    <\/div>\r\n                                        <div class=\"skills__skill\">\r\n                        <h3>Nachhaltiges Immobilienmanagement<\/h3>\n<p>Projekte, die soziale, \u00f6kologische und st\u00e4dtebauliche Kriterien integrieren, um eine positive und dauerhafte Wirkung zu erzielen.<\/p>\n                    <\/div>\r\n                                        <div class=\"skills__skill\">\r\n                        <h3>Netzwerk qualifizierter Partner<\/h3>\n<p>Zusammenarbeit mit Branchenexperten, um jede Phase Ihres Projekts abzusichern.<\/p>\n                    <\/div>\r\n                                        <div class=\"skills__skill\">\r\n                        <h3>Qualit\u00e4t und Innovation<\/h3>\n<p>Projekte, die technische Exzellenz, intelligentes Design und die Anpassung an das Lebensumfeld vereinen.<\/p>\n                    <\/div>\r\n                                    <\/div>\r\n                    <\/div>\r\n    <\/section>\r\n\r\n    \r\n\n\n\r\n    <section class=\"contact-cta\" id=\"prefooter-form\">\r\n        <div class=\"container\">\r\n            <div class=\"row\">\r\n                                    <div class=\"contact-cta__title\">\r\n                        <h2>Ihr Projekt. Unser Know-how. Kontaktieren Sie uns noch heute. <\/h2>\r\n                    <\/div>\r\n                                                    <div class=\"contact-cta__form\">\r\n                        <div class=\"related-contact-form\">\n<div class=\"wpcf7 no-js\" id=\"wpcf7-f1961-o1\" lang=\"de-DE\" dir=\"ltr\" data-wpcf7-id=\"1961\">\n<div class=\"screen-reader-response\"><p role=\"status\" aria-live=\"polite\" aria-atomic=\"true\"><\/p> <ul><\/ul><\/div>\n<form action=\"\/de\/wp-json\/wp\/v2\/pages\/1779#wpcf7-f1961-o1\" method=\"post\" class=\"wpcf7-form init\" aria-label=\"Kontaktformular\" novalidate=\"novalidate\" data-status=\"init\">\n<fieldset class=\"hidden-fields-container\"><input type=\"hidden\" name=\"_wpcf7\" value=\"1961\" \/><input type=\"hidden\" name=\"_wpcf7_version\" value=\"6.1.5\" \/><input type=\"hidden\" name=\"_wpcf7_locale\" value=\"de_DE\" \/><input type=\"hidden\" name=\"_wpcf7_unit_tag\" value=\"wpcf7-f1961-o1\" \/><input type=\"hidden\" name=\"_wpcf7_container_post\" value=\"0\" \/><input type=\"hidden\" name=\"_wpcf7_posted_data_hash\" value=\"\" \/>\n<\/fieldset>\n<p><label><span class=\"wpcf7-form-control-wrap\" data-name=\"your-name\"><input size=\"40\" maxlength=\"400\" class=\"wpcf7-form-control wpcf7-text wpcf7-validates-as-required\" aria-required=\"true\" aria-invalid=\"false\" placeholder=\"Name*\" value=\"\" type=\"text\" name=\"your-name\" \/><\/span> <\/label>\n<\/p>\n<p><label><span class=\"wpcf7-form-control-wrap\" data-name=\"your-email\"><input size=\"40\" maxlength=\"400\" class=\"wpcf7-form-control wpcf7-email wpcf7-validates-as-required wpcf7-text wpcf7-validates-as-email\" aria-required=\"true\" aria-invalid=\"false\" placeholder=\"E-mail*\" value=\"\" type=\"email\" name=\"your-email\" \/><\/span> <\/label>\n<\/p>\n<p><label><span class=\"wpcf7-form-control-wrap\" data-name=\"tel-189\"><input size=\"40\" maxlength=\"400\" class=\"wpcf7-form-control wpcf7-tel wpcf7-validates-as-required wpcf7-text wpcf7-validates-as-tel\" aria-required=\"true\" aria-invalid=\"false\" placeholder=\"Telefon*\" value=\"\" type=\"tel\" name=\"tel-189\" \/><\/span><\/label>\n<\/p>\n<div class=\"checkbox-element\">\n\t<p><span>Projekt<\/span><br \/>\n<span class=\"wpcf7-form-control-wrap\" data-name=\"checkbox-152\"><span class=\"wpcf7-form-control wpcf7-checkbox\"><span class=\"wpcf7-list-item first\"><input type=\"checkbox\" name=\"checkbox-152[]\" value=\"Kaufen\" \/><span class=\"wpcf7-list-item-label\">Kaufen<\/span><\/span><span class=\"wpcf7-list-item\"><input type=\"checkbox\" name=\"checkbox-152[]\" value=\"Verkaufen\" \/><span class=\"wpcf7-list-item-label\">Verkaufen<\/span><\/span><span class=\"wpcf7-list-item last\"><input type=\"checkbox\" name=\"checkbox-152[]\" value=\"Immobilienentwicklung\" \/><span class=\"wpcf7-list-item-label\">Immobilienentwicklung<\/span><\/span><\/span><\/span>\n\t<\/p>\n<\/div>\n<div>\n\t<p><label> <span class=\"wpcf7-form-control-wrap\" data-name=\"your-message\"><textarea cols=\"40\" rows=\"10\" maxlength=\"2000\" class=\"wpcf7-form-control wpcf7-textarea\" aria-invalid=\"false\" placeholder=\"Ihre Nachricht\" name=\"your-message\"><\/textarea><\/span> <\/label><br \/>\n<span class=\"small-text\">Max. 1000 Zeichen<\/span>\n\t<\/p>\n<\/div>\n<p><input class=\"wpcf7-form-control wpcf7-submit has-spinner\" type=\"submit\" value=\"Senden\" \/><br \/>\n<span class=\"wpcf7-form-control-wrap\" data-name=\"checkbox-908\"><span class=\"wpcf7-form-control wpcf7-checkbox wpcf7-validates-as-required\"><span class=\"wpcf7-list-item first last\"><label><input type=\"checkbox\" name=\"checkbox-908[]\" value=\"Ich stimme den Datenschutzbestimmungen zu\" \/><span class=\"wpcf7-list-item-label\">Ich stimme den Datenschutzbestimmungen zu<\/span><\/label><\/span><\/span><\/span>\n<\/p><div class=\"wpcf7-response-output\" aria-hidden=\"true\"><\/div>\n<\/form>\n<\/div>\n<\/div>                    <\/div>\r\n                            <\/div>\r\n        <\/div>\r\n    <\/section>\r\n\r\n    \r\n","protected":false},"excerpt":{"rendered":"","protected":false},"author":1,"featured_media":0,"parent":0,"menu_order":0,"comment_status":"closed","ping_status":"closed","template":"","meta":{"_acf_changed":false,"inline_featured_image":false,"footnotes":"","_wp_rev_ctl_limit":""},"class_list":["post-1779","page","type-page","status-publish","hentry"],"acf":[],"_links":{"self":[{"href":"https:\/\/gaia-immobilier.ch\/de\/wp-json\/wp\/v2\/pages\/1779","targetHints":{"allow":["GET"]}}],"collection":[{"href":"https:\/\/gaia-immobilier.ch\/de\/wp-json\/wp\/v2\/pages"}],"about":[{"href":"https:\/\/gaia-immobilier.ch\/de\/wp-json\/wp\/v2\/types\/page"}],"author":[{"embeddable":true,"href":"https:\/\/gaia-immobilier.ch\/de\/wp-json\/wp\/v2\/users\/1"}],"replies":[{"embeddable":true,"href":"https:\/\/gaia-immobilier.ch\/de\/wp-json\/wp\/v2\/comments?post=1779"}],"version-history":[{"count":4,"href":"https:\/\/gaia-immobilier.ch\/de\/wp-json\/wp\/v2\/pages\/1779\/revisions"}],"predecessor-version":[{"id":3111,"href":"https:\/\/gaia-immobilier.ch\/de\/wp-json\/wp\/v2\/pages\/1779\/revisions\/3111"}],"wp:attachment":[{"href":"https:\/\/gaia-immobilier.ch\/de\/wp-json\/wp\/v2\/media?parent=1779"}],"curies":[{"name":"wp","href":"https:\/\/api.w.org\/{rel}","templated":true}]}}